{"id":135,"date":"2024-10-28T09:29:50","date_gmt":"2024-10-28T09:29:50","guid":{"rendered":"http:\/\/glc.institute\/home\/"},"modified":"2024-11-14T20:58:01","modified_gmt":"2024-11-14T20:58:01","slug":"home","status":"publish","type":"page","link":"https:\/\/glc.institute\/br\/home\/","title":{"rendered":"Home"},"content":{"rendered":"<div class=\"wp-block-uagb-container uagb-block-5fe6a32d alignfull uagb-is-root-container\"><div class=\"uagb-container-inner-blocks-wrap\">\n<div class=\"wp-block-uagb-advanced-heading uagb-block-739ef4ec\"><h1 class=\"uagb-heading-text\">Grace and Life Christian Institute<\/h1><\/div>\n\n\n\n<div class=\"wp-block-uagb-advanced-heading uagb-block-98e4bfaf\"><p class=\"uagb-desc-text\">O GLC Institute, entendendo a urg\u00eancia da obra mission\u00e1ria, tendo a B\u00edblia Sagrada como base de ensino e desejando ardentemente participar do que Deus tem promovido nos dias atuais no meio de Seu povo, atende ao chamado desafiador de Deus quanto \u00e0 instrumentaliza\u00e7\u00e3o e capacita\u00e7\u00e3o do Corpo de Cristo no desenvolvimento de Seu grande prop\u00f3sito.<\/p><\/div>\n<\/div><\/div>\n\n\n\n<div class=\"wp-block-uagb-container uagb-block-e6bc50fc alignfull uagb-is-root-container\"><div class=\"uagb-container-inner-blocks-wrap\">\n<div class=\"wp-block-uagb-container uagb-block-e4ae5ee7\">\n<div class=\"wp-block-uagb-info-box uagb-block-bda84c5e uagb-infobox__content-wrap  uagb-infobox-icon-above-title uagb-infobox-image-valign-top\"><div class=\"uagb-ifb-content\"><div class=\"uagb-ifb-title-wrap\"><h2 class=\"uagb-ifb-title\">Quem Somos<\/h2><\/div><p class=\"uagb-ifb-desc\">No <strong>GLC Institute<\/strong>, com nossos cora\u00e7\u00f5es ardendo por miss\u00f5es e h\u00e1 mais de 30 anos envolvidos e comprometidos em amar e discipular vidas, sempre focados na fam\u00edlia, e pela infinita gra\u00e7a de Deus, temos sido afiados a cada dia para o desenvolvimento deste minist\u00e9rio dentro das igrejas junto a seus respectivos pastores. Por meio de ensinamentos totalmente baseados na B\u00edblia Sagrada, a Palavra de Deus, e fi\u00e9is \u00e0 vis\u00e3o que o Senhor nos confiou, temos promovido cura e crescimento das fam\u00edlias a partir de sua individualidade em Cristo Jesus, preparando e potencializando a Igreja do Senhor para o Grande Dia.<\/p><\/div><\/div>\n\n\n\n<div class=\"wp-block-uagb-info-box uagb-block-9b62e515 uagb-infobox__content-wrap  uagb-infobox-icon-above-title uagb-infobox-image-valign-top\"><div class=\"uagb-ifb-content\"><div class=\"uagb-ifb-title-wrap\"><h2 class=\"uagb-ifb-title\">Vis\u00e3o<\/h2><\/div><p class=\"uagb-ifb-desc\">Movidos pelo Esp\u00edrito Santo de Deus no cumprimento da Grande Comiss\u00e3o e Glorificando a Jesus nosso \u00danico Senhor e Salvador, o Minist\u00e9rio GRACE AND LIFE CHRISTIAN INSTITUTE, por meio da Santa Palavra de Deus, a B\u00edblia Sagrada, temos o encargo, quanto \u00e0 INFORMA\u00c7\u00c3O, PREPARO e FORMA\u00c7\u00c3O dos membros dos Corpo de Cristo, para O GRANDE DIA. 2 Corintios. 2:17 \/ Ef\u00e9sios 5:27<\/p><\/div><\/div>\n\n\n\n<div class=\"wp-block-uagb-info-box uagb-block-9e7312fd uagb-infobox__content-wrap  uagb-infobox-icon-above-title uagb-infobox-image-valign-top\"><div class=\"uagb-ifb-content\"><div class=\"uagb-ifb-title-wrap\"><h2 class=\"uagb-ifb-title\">Miss\u00e3o<\/h2><\/div><p class=\"uagb-ifb-desc\">Atraves do GLC Institute, temos o encargo da parte de Deus quanto a obra mission\u00e1ria estabelecida em Cristo Jesus por meio dos ap\u00f3stolos, a sermos uma resposta ao Movimento de Deus para os dias atuais quanto ao preparo de Sua Igreja gloriosa, sem manchas, nem ruga ou qualquer imperfei\u00e7\u00e3o, mas santa e imaculada, anunciando a Cristo com sinceridade e verdade de forma exponencial com integridade e fidelidade a Santa Palavra de Deus. Mateus 28:19-20<\/p><\/div><\/div>\n<\/div>\n\n\n\n<div class=\"wp-block-uagb-container uagb-block-2de3917e\">\n<div class=\"wp-block-uagb-image uagb-block-9fc9987d wp-block-uagb-image--layout-default wp-block-uagb-image--effect-static wp-block-uagb-image--align-none\"><figure class=\"wp-block-uagb-image__figure\"><img decoding=\"async\" srcset=\"https:\/\/glc.institute\/wp-content\/uploads\/2024\/10\/l2.jpg ,https:\/\/glc.institute\/wp-content\/uploads\/2024\/10\/l2.jpg 780w, https:\/\/glc.institute\/wp-content\/uploads\/2024\/10\/l2.jpg 360w\" sizes=\"auto, (max-width: 480px) 150px\" src=\"https:\/\/glc.institute\/wp-content\/uploads\/2024\/10\/l2.jpg\" alt=\"\" class=\"uag-image-823\" width=\"1620\" height=\"1080\" title=\"l2\" loading=\"lazy\" role=\"img\"\/><\/figure><\/div>\n<\/div>\n<\/div><\/div>\n\n\n\n<div class=\"wp-block-uagb-container uagb-block-db2d419d alignfull uagb-is-root-container\"><div class=\"uagb-container-inner-blocks-wrap\">\n<div class=\"wp-block-uagb-container uagb-layout-grid uagb-block-964d8b67\">\n<div class=\"wp-block-uagb-info-box uagb-block-f88e0df1 uagb-infobox__content-wrap  uagb-infobox-icon-above-title uagb-infobox-image-valign-top\"><div class=\"uagb-ifb-content\"><div class=\"uagb-ifb-title-wrap\"><h3 class=\"uagb-ifb-title\">Entre em Contato<\/h3><\/div><p class=\"uagb-ifb-desc\">Convidamos voc\u00ea a se conectar com o <strong>GLC Institute<\/strong> e fazer parte da nossa miss\u00e3o.<\/p><div class=\"uagb-ifb-button-wrapper wp-block-button\"><a href=\"#\" class=\"uagb-infobox-cta-link ast-outline-button\" target=\"_self\" rel=\"noopener noreferrer\" style=\"border-width:revert-layer\" onclick=\"return false;\"><span class=\"uagb-inline-editing\">Conecte-se Conosco<\/span><svg xmlns=\"https:\/\/www.w3.org\/2000\/svg\" viewbox=\"0 0 512 512\"><path d=\"M502.6 278.6l-128 128c-12.51 12.51-32.76 12.49-45.25 0c-12.5-12.5-12.5-32.75 0-45.25L402.8 288H32C14.31 288 0 273.7 0 255.1S14.31 224 32 224h370.8l-73.38-73.38c-12.5-12.5-12.5-32.75 0-45.25s32.75-12.5 45.25 0l128 128C515.1 245.9 515.1 266.1 502.6 278.6z\"><\/path><\/svg><\/a><\/div><\/div><\/div>\n\n\n\n<div class=\"wp-block-uagb-image alignright uagb-block-1ecf927d wp-block-uagb-image--layout-default wp-block-uagb-image--effect-static wp-block-uagb-image--align-right\"><figure class=\"wp-block-uagb-image__figure\"><img decoding=\"async\" srcset=\"https:\/\/glc.institute\/wp-content\/uploads\/2024\/10\/Biblical-Counseling-Doctorate.jpg ,https:\/\/glc.institute\/wp-content\/uploads\/2024\/10\/Biblical-Counseling-Doctorate.jpg 780w, https:\/\/glc.institute\/wp-content\/uploads\/2024\/10\/Biblical-Counseling-Doctorate.jpg 360w\" sizes=\"auto, (max-width: 480px) 150px\" src=\"https:\/\/glc.institute\/wp-content\/uploads\/2024\/10\/Biblical-Counseling-Doctorate.jpg\" alt=\"\" class=\"uag-image-815\" width=\"800\" height=\"565\" title=\"Christian Online Technology Concept. Hands Praying Of Christian\" loading=\"lazy\" role=\"img\"\/><\/figure><\/div>\n<\/div>\n<\/div><\/div>\n\n\n\n<div class=\"wp-block-uagb-container uagb-block-af742380 alignfull uagb-is-root-container\"><div class=\"uagb-container-inner-blocks-wrap\">\n<div class=\"wp-block-uagb-container uagb-block-6b0a5d2a\">\n<div class=\"wp-block-uagb-info-box uagb-block-65aeb817 uagb-infobox__content-wrap  uagb-infobox-icon-above-title uagb-infobox-image-valign-top\"><div class=\"uagb-ifb-content\"><div class=\"uagb-ifb-title-wrap\"><span class=\"uagb-ifb-title-prefix\"><strong><strong>Parceiros de confian\u00e7a na f\u00e9<\/strong><\/strong><\/span><h2 class=\"uagb-ifb-title\">O GLC Institute destaca-se como um parceiro confi\u00e1vel no minist\u00e9rio, comprometido em caminhar ao lado de familias e igrejas enquanto navegam em sua jornada espiritual.<\/h2><\/div><\/div><\/div>\n\n\n\n<div class=\"wp-block-uagb-advanced-heading uagb-block-8bdd44f0\"><p class=\"uagb-heading-text\">A dedica\u00e7\u00e3o do GLC Institute \u00e0 sua miss\u00e3o est\u00e1 enraizada em uma paix\u00e3o genu\u00edna pelo servi\u00e7o, e esse entusiasmo se traduz em solu\u00e7\u00f5es personalizadas que permitem que igrejas e familias cres\u00e7am e se fortale\u00e7am.<\/p><\/div>\n<\/div>\n\n\n\t\t\t\t\t<div\n\t\t\t\t\t\tclass=\"wp-block-uagb-image-gallery uagb-block-09cc1758\"\n\t\t\t\t\t\tstyle=\"\"\n\t\t\t\t\t>\n\t\t\t\t\t\t\t\t\t\t\t<div class=\"spectra-image-gallery spectra-image-gallery__layout--grid spectra-image-gallery__layout--grid-col-3 spectra-image-gallery__layout--grid-col-tab-3 spectra-image-gallery__layout--grid-col-mob-1\">\n\t\t\t\t\t\t\t\t\t\t\t<div class='spectra-image-gallery__media-wrapper' data-spectra-gallery-image-id='821' tabindex=\"0\">\n\t\t\t\t\t\t\t<div class=\"spectra-image-gallery__media spectra-image-gallery__media--grid\">\n\t\t\t\t<picture>\n\t\t\t\t\t<source media=\"(min-width: 1024px)\" srcset=\"https:\/\/glc.institute\/wp-content\/uploads\/2024\/10\/churches-5-edited.jpeg\">\n\t\t\t\t\t<source media=\"(min-width: 768px)\" srcset=\"https:\/\/glc.institute\/wp-content\/uploads\/2024\/10\/churches-5-edited.jpeg\">\n\t\t\t\t\t<img decoding=\"async\" class=\"spectra-image-gallery__media-thumbnail spectra-image-gallery__media-thumbnail--grid\" src=\"https:\/\/glc.institute\/wp-content\/uploads\/2024\/10\/churches-5-edited-300x300.jpeg\" alt=\"\" loading=\"lazy\" \/>\n\t\t\t\t<\/picture>\n\t\t\t\t<div class=\"spectra-image-gallery__media-thumbnail-blurrer\"><\/div>\n\t\t\t\t\t\t\t\t\t\t\t<div class=\"spectra-image-gallery__media-thumbnail-caption-wrapper spectra-image-gallery__media-thumbnail-caption-wrapper--overlay\"><\/div>\n\t\t\t\t\t\t\t\t<\/div>\n\t\t\t\t\t\t<\/div>\n\t\t\t\t\t\t<div class='spectra-image-gallery__media-wrapper' data-spectra-gallery-image-id='817' tabindex=\"0\">\n\t\t\t\t\t\t\t<div class=\"spectra-image-gallery__media spectra-image-gallery__media--grid\">\n\t\t\t\t<picture>\n\t\t\t\t\t<source media=\"(min-width: 1024px)\" srcset=\"https:\/\/glc.institute\/wp-content\/uploads\/2024\/10\/studingbiblie.png\">\n\t\t\t\t\t<source media=\"(min-width: 768px)\" srcset=\"https:\/\/glc.institute\/wp-content\/uploads\/2024\/10\/studingbiblie.png\">\n\t\t\t\t\t<img decoding=\"async\" class=\"spectra-image-gallery__media-thumbnail spectra-image-gallery__media-thumbnail--grid\" src=\"https:\/\/glc.institute\/wp-content\/uploads\/2024\/10\/studingbiblie-300x199.png\" alt=\"\" loading=\"lazy\" \/>\n\t\t\t\t<\/picture>\n\t\t\t\t<div class=\"spectra-image-gallery__media-thumbnail-blurrer\"><\/div>\n\t\t\t\t\t\t\t\t\t\t\t<div class=\"spectra-image-gallery__media-thumbnail-caption-wrapper spectra-image-gallery__media-thumbnail-caption-wrapper--overlay\"><\/div>\n\t\t\t\t\t\t\t\t<\/div>\n\t\t\t\t\t\t<\/div>\n\t\t\t\t\t\t<div class='spectra-image-gallery__media-wrapper' data-spectra-gallery-image-id='819' tabindex=\"0\">\n\t\t\t\t\t\t\t<div class=\"spectra-image-gallery__media spectra-image-gallery__media--grid\">\n\t\t\t\t<picture>\n\t\t\t\t\t<source media=\"(min-width: 1024px)\" srcset=\"https:\/\/glc.institute\/wp-content\/uploads\/2024\/10\/full_troy_bartlett-1024x683.jpg\">\n\t\t\t\t\t<source media=\"(min-width: 768px)\" srcset=\"https:\/\/glc.institute\/wp-content\/uploads\/2024\/10\/full_troy_bartlett-1024x683.jpg\">\n\t\t\t\t\t<img decoding=\"async\" class=\"spectra-image-gallery__media-thumbnail spectra-image-gallery__media-thumbnail--grid\" src=\"https:\/\/glc.institute\/wp-content\/uploads\/2024\/10\/full_troy_bartlett-300x200.jpg\" alt=\"\" loading=\"lazy\" \/>\n\t\t\t\t<\/picture>\n\t\t\t\t<div class=\"spectra-image-gallery__media-thumbnail-blurrer\"><\/div>\n\t\t\t\t\t\t\t\t\t\t\t<div class=\"spectra-image-gallery__media-thumbnail-caption-wrapper spectra-image-gallery__media-thumbnail-caption-wrapper--overlay\"><\/div>\n\t\t\t\t\t\t\t\t<\/div>\n\t\t\t\t\t\t<\/div>\n\t\t\t\t\t\t\t\t\t\t<\/div>\n\t\t\t\t\t\t\t\t\t\t\t\t\t\t\t\t\t\t<\/div>\n\t\t\t\t\t\t\t\t\t<\/div><\/div>\n\n\n\n<p><\/p>","protected":false},"excerpt":{"rendered":"<p>Grace and Life Christian Institute The GLC Institute equips and supports the church with resources that are insightful, timely, and grounded in the teachings of Jesus Christ. We aim to provide guidance that is both compassionate and wise, helping believers deepen their faith and navigate today\u2019s challenges. The GLC Institute\u2019s dedication to its mission is [&hellip;]<\/p>","protected":false},"author":1,"featured_media":0,"parent":0,"menu_order":0,"comment_status":"closed","ping_status":"closed","template":"","meta":{"_uag_custom_page_level_css":"","site-sidebar-layout":"no-sidebar","site-content-layout":"page-builder","ast-site-content-layout":"full-width-container","site-content-style":"unboxed","site-sidebar-style":"unboxed","ast-global-header-display":"","ast-banner-title-visibility":"","ast-main-header-display":"","ast-hfb-above-header-display":"","ast-hfb-below-header-display":"","ast-hfb-mobile-header-display":"","site-post-title":"disabled","ast-breadcrumbs-content":"","ast-featured-img":"disabled","footer-sml-layout":"","ast-disable-related-posts":"","theme-transparent-header-meta":"enabled","adv-header-id-meta":"","stick-header-meta":"","header-above-stick-meta":"","header-main-stick-meta":"","header-below-stick-meta":"","astra-migrate-meta-layouts":"set","ast-page-background-enabled":"default","ast-page-background-meta":{"desktop":{"background-color":"","background-image":"","background-repeat":"repeat","background-position":"center center","background-size":"auto","background-attachment":"scroll","background-type":"","background-media":"","overlay-type":"","overlay-color":"","overlay-opacity":"","overlay-gradient":""},"tablet":{"background-color":"","background-image":"","background-repeat":"repeat","background-position":"center center","background-size":"auto","background-attachment":"scroll","background-type":"","background-media":"","overlay-type":"","overlay-color":"","overlay-opacity":"","overlay-gradient":""},"mobile":{"background-color":"","background-image":"","background-repeat":"repeat","background-position":"center center","background-size":"auto","background-attachment":"scroll","background-type":"","background-media":"","overlay-type":"","overlay-color":"","overlay-opacity":"","overlay-gradient":""}},"ast-content-background-meta":{"desktop":{"background-color":"var(--ast-global-color-5)","background-image":"","background-repeat":"repeat","background-position":"center center","background-size":"auto","background-attachment":"scroll","background-type":"","background-media":"","overlay-type":"","overlay-color":"","overlay-opacity":"","overlay-gradient":""},"tablet":{"background-color":"var(--ast-global-color-5)","background-image":"","background-repeat":"repeat","background-position":"center center","background-size":"auto","background-attachment":"scroll","background-type":"","background-media":"","overlay-type":"","overlay-color":"","overlay-opacity":"","overlay-gradient":""},"mobile":{"background-color":"var(--ast-global-color-5)","background-image":"","background-repeat":"repeat","background-position":"center center","background-size":"auto","background-attachment":"scroll","background-type":"","background-media":"","overlay-type":"","overlay-color":"","overlay-opacity":"","overlay-gradient":""}},"footnotes":""},"class_list":["post-135","page","type-page","status-publish","hentry"],"aioseo_notices":[],"uagb_featured_image_src":{"full":false,"thumbnail":false,"medium":false,"medium_large":false,"large":false,"1536x1536":false,"2048x2048":false,"trp-custom-language-flag":false,"woocommerce_thumbnail":false,"woocommerce_single":false,"woocommerce_gallery_thumbnail":false},"uagb_author_info":{"display_name":"gracavida.ministerio@gmail.com","author_link":"https:\/\/glc.institute\/br\/author\/gracavida-ministeriogmail-com\/"},"uagb_comment_info":0,"uagb_excerpt":"Grace and Life Christian Institute The GLC Institute equips and supports the church with resources that are insightful, timely, and grounded in the teachings of Jesus Christ. We aim to provide guidance that is both compassionate and wise, helping believers deepen their faith and navigate today\u2019s challenges. The GLC Institute\u2019s dedication to its mission is&hellip;","_links":{"self":[{"href":"https:\/\/glc.institute\/br\/wp-json\/wp\/v2\/pages\/135","targetHints":{"allow":["GET"]}}],"collection":[{"href":"https:\/\/glc.institute\/br\/wp-json\/wp\/v2\/pages"}],"about":[{"href":"https:\/\/glc.institute\/br\/wp-json\/wp\/v2\/types\/page"}],"author":[{"embeddable":true,"href":"https:\/\/glc.institute\/br\/wp-json\/wp\/v2\/users\/1"}],"replies":[{"embeddable":true,"href":"https:\/\/glc.institute\/br\/wp-json\/wp\/v2\/comments?post=135"}],"version-history":[{"count":28,"href":"https:\/\/glc.institute\/br\/wp-json\/wp\/v2\/pages\/135\/revisions"}],"predecessor-version":[{"id":1069,"href":"https:\/\/glc.institute\/br\/wp-json\/wp\/v2\/pages\/135\/revisions\/1069"}],"wp:attachment":[{"href":"https:\/\/glc.institute\/br\/wp-json\/wp\/v2\/media?parent=135"}],"curies":[{"name":"wp","href":"https:\/\/api.w.org\/{rel}","templated":true}]}}