{"id":137,"date":"2024-10-28T09:29:50","date_gmt":"2024-10-28T09:29:50","guid":{"rendered":"http:\/\/glc.institute\/services\/"},"modified":"2025-02-17T22:55:32","modified_gmt":"2025-02-17T22:55:32","slug":"seminars","status":"publish","type":"page","link":"https:\/\/glc.institute\/br\/seminars\/","title":{"rendered":"Semin\u00e1rios"},"content":{"rendered":"<div class=\"wp-block-uagb-container uagb-block-27ef9fe0 alignfull uagb-is-root-container\"><div class=\"uagb-container-inner-blocks-wrap\">\n<div class=\"wp-block-uagb-info-box uagb-block-d444f0cc uagb-infobox__content-wrap  uagb-infobox-icon-above-title uagb-infobox-image-valign-top wp-block-uagb-info-box--has-margin\"><div class=\"uagb-infobox-margin-wrapper\"><div class=\"uagb-ifb-content\"><div class=\"uagb-ifb-separator\"><\/div><div class=\"uagb-ifb-title-wrap\"><h1 class=\"uagb-ifb-title\">Semin\u00e1rios<\/h1><\/div><\/div><\/div><\/div>\n\n\n\n<div class=\"wp-block-uagb-advanced-heading uagb-block-bf9d8902\"><h4 class=\"uagb-heading-text\">Ao longo de nossa caminhada ministerial, o GLC Institute desenvolveu uma s\u00e9rie de semin\u00e1rios e cursos com o prop\u00f3sito de capacitar, alinhar e fortalecer a f\u00e9 e os relacionamentos crist\u00e3os. Inspirados pela manifesta\u00e7\u00e3o graciosa de Deus e conduzidos pelo Esp\u00edrito Santo, criamos um material profundo e transformador, que se tornou uma ferramenta eficaz para a cura e restaura\u00e7\u00e3o de casais, fam\u00edlias e indiv\u00edduos. Cada semin\u00e1rio \u00e9 cuidadosamente fundamentado na Santa Palavra de Deus, a B\u00edblia Sagrada, trazendo temas e li\u00e7\u00f5es que ajudam os participantes a viver o prop\u00f3sito de Deus em suas vidas.<\/h4><\/div>\n<\/div><\/div>\n\n\n\n<div class=\"wp-block-uagb-container uagb-block-ddbf29a8 alignfull uagb-is-root-container\"><div class=\"uagb-container-inner-blocks-wrap\">\n<div class=\"wp-block-columns is-layout-flex wp-container-core-columns-is-layout-28f84493 wp-block-columns-is-layout-flex\">\n<div class=\"wp-block-column is-layout-flow wp-block-column-is-layout-flow\">\n<div class=\"wp-block-uagb-info-box uagb-block-eff1131b uagb-infobox__content-wrap  uagb-infobox-icon-above-title uagb-infobox-image-valign-top\"><div class=\"uagb-ifb-content\"><div class=\"uagb-ifb-separator\"><\/div><div class=\"uagb-ifb-title-wrap\"><h2 class=\"uagb-ifb-title\"><strong>Da origem ao destino<\/strong><\/h2><\/div><p class=\"uagb-ifb-desc\"><strong>Alcance a plenitude do prop\u00f3sito de Deus para o seu casamento!<\/strong><br><br>Este semin\u00e1rio intensivo \u00e9 uma oportunidade \u00fanica para casais que buscam cura e restaura\u00e7\u00e3o, reconectando-se ao plano original de Deus para o matrim\u00f4nio. Com temas fundamentados na B\u00edblia, cada c\u00f4njuge ser\u00e1 guiado a entender que seu primeiro minist\u00e9rio vem de uma uni\u00e3o plena em Cristo, multiplicada pelo poder do Esp\u00edrito Santo. Juntos, marido e esposa ser\u00e3o fortalecidos para viver em unidade, alcan\u00e7ando o verdadeiro prop\u00f3sito de serem &#8220;uma s\u00f3 carne&#8221; e tornando-se uma luz de esperan\u00e7a em um mundo em trevas.<\/p><div class=\"uagb-ifb-button-wrapper wp-block-button\"><a href=\"https:\/\/glc.institute\/br\/da-origem-ao-destino\/\" class=\"uagb-infobox-cta-link wp-block-button__link\" target=\"_self\" rel=\"noopener noreferrer\" onclick=\"return true;\"><span class=\"uagb-inline-editing\">Inscreva-se<\/span><\/a><\/div><\/div><\/div>\n\n\n\n<figure class=\"wp-block-image size-full\"><img loading=\"lazy\" decoding=\"async\" width=\"850\" height=\"515\" src=\"https:\/\/glc.institute\/wp-content\/uploads\/2024\/11\/FOTP03.jpg\" alt=\"\" class=\"wp-image-1021\" srcset=\"https:\/\/glc.institute\/wp-content\/uploads\/2024\/11\/FOTP03.jpg 850w, https:\/\/glc.institute\/wp-content\/uploads\/2024\/11\/FOTP03-600x364.jpg 600w, https:\/\/glc.institute\/wp-content\/uploads\/2024\/11\/FOTP03-300x182.jpg 300w, https:\/\/glc.institute\/wp-content\/uploads\/2024\/11\/FOTP03-768x465.jpg 768w, https:\/\/glc.institute\/wp-content\/uploads\/2024\/11\/FOTP03-18x12.jpg 18w\" sizes=\"auto, (max-width: 850px) 100vw, 850px\" \/><\/figure>\n\n\n\n<div class=\"wp-block-uagb-info-box uagb-block-c37d421b uagb-infobox__content-wrap  uagb-infobox-icon-above-title uagb-infobox-image-valign-top\"><div class=\"uagb-ifb-content\"><div class=\"uagb-ifb-separator\"><\/div><div class=\"uagb-ifb-title-wrap\"><h2 class=\"uagb-ifb-title\"><strong>Transformed Relationships Start with Me!<\/strong><\/h2><\/div><p class=\"uagb-ifb-desc\"><strong>Women\u2019s Seminar<\/strong><br><br>Dive deep into the roots of relational conflicts and uncover the biblical path to restoration and peace. Through a unique and insightful approach, we will rediscover the God-given role of women in the home and society, empowering them to bring transformation wherever they go.<\/p><div class=\"uagb-ifb-button-wrapper wp-block-button\"><a href=\"https:\/\/glc.institute\/br\/contact\/\" class=\"uagb-infobox-cta-link wp-block-button__link\" target=\"_self\" rel=\"noopener noreferrer\" onclick=\"return true;\"><span class=\"uagb-inline-editing\">Coming soon<\/span><\/a><\/div><\/div><\/div>\n\n\n\n<figure class=\"wp-block-image size-full\"><img loading=\"lazy\" decoding=\"async\" width=\"940\" height=\"788\" src=\"https:\/\/glc.institute\/wp-content\/uploads\/2025\/02\/wseminar1.png\" alt=\"\" class=\"wp-image-1248\" srcset=\"https:\/\/glc.institute\/wp-content\/uploads\/2025\/02\/wseminar1.png 940w, https:\/\/glc.institute\/wp-content\/uploads\/2025\/02\/wseminar1-600x503.png 600w, https:\/\/glc.institute\/wp-content\/uploads\/2025\/02\/wseminar1-300x251.png 300w, https:\/\/glc.institute\/wp-content\/uploads\/2025\/02\/wseminar1-768x644.png 768w, https:\/\/glc.institute\/wp-content\/uploads\/2025\/02\/wseminar1-14x12.png 14w\" sizes=\"auto, (max-width: 940px) 100vw, 940px\" \/><\/figure>\n<\/div>\n\n\n\n<div class=\"wp-block-column is-layout-flow wp-block-column-is-layout-flow\">\n<div class=\"wp-block-uagb-info-box uagb-block-ecf7bcd6 uagb-infobox__content-wrap  uagb-infobox-icon-above-title uagb-infobox-image-valign-top\"><div class=\"uagb-ifb-content\"><div class=\"uagb-ifb-separator\"><\/div><div class=\"uagb-ifb-title-wrap\"><h2 class=\"uagb-ifb-title\"><strong>Only for the Brave!<\/strong><\/h2><\/div><p class=\"uagb-ifb-desc\"><strong>Men\u2019s Seminar<\/strong><br><br>Life\u2019s battles can cause men to lose sight of their purpose. This seminar is a call to restoration\u2014reclaiming what has been lost, reviving strength, and realigning every man of God with his true origin and destiny.<\/p><div class=\"uagb-ifb-button-wrapper wp-block-button\"><a href=\"https:\/\/glc.institute\/br\/contact\/\" class=\"uagb-infobox-cta-link wp-block-button__link\" target=\"_self\" rel=\"noopener noreferrer\" onclick=\"return true;\"><span class=\"uagb-inline-editing\">Coming soon<\/span><\/a><\/div><\/div><\/div>\n\n\n\n<figure class=\"wp-block-image size-full\"><img loading=\"lazy\" decoding=\"async\" width=\"940\" height=\"788\" src=\"https:\/\/glc.institute\/wp-content\/uploads\/2025\/02\/mseminar.png\" alt=\"\" class=\"wp-image-1249\" srcset=\"https:\/\/glc.institute\/wp-content\/uploads\/2025\/02\/mseminar.png 940w, https:\/\/glc.institute\/wp-content\/uploads\/2025\/02\/mseminar-600x503.png 600w, https:\/\/glc.institute\/wp-content\/uploads\/2025\/02\/mseminar-300x251.png 300w, https:\/\/glc.institute\/wp-content\/uploads\/2025\/02\/mseminar-768x644.png 768w, https:\/\/glc.institute\/wp-content\/uploads\/2025\/02\/mseminar-14x12.png 14w\" sizes=\"auto, (max-width: 940px) 100vw, 940px\" \/><\/figure>\n\n\n\n<div class=\"wp-block-uagb-info-box uagb-block-44e8993c uagb-infobox__content-wrap  uagb-infobox-icon-above-title uagb-infobox-image-valign-top\"><div class=\"uagb-ifb-content\"><div class=\"uagb-ifb-separator\"><\/div><div class=\"uagb-ifb-title-wrap\"><h2 class=\"uagb-ifb-title\"><strong>Revival Begins in the Family<\/strong><\/h2><\/div><p class=\"uagb-ifb-desc\"><strong>Family Seminar<\/strong><br><br>Learn how to embrace your divine role within the family, allowing the Holy Spirit to move powerfully through each member. Sons and daughters of God will be equipped to walk with purpose in their homes so that, through each transformed family, the Church can become a powerful testimony of Jesus Christ to the world.<\/p><div class=\"uagb-ifb-button-wrapper wp-block-button\"><a href=\"https:\/\/glc.institute\/br\/contact\/\" class=\"uagb-infobox-cta-link wp-block-button__link\" target=\"_self\" rel=\"noopener noreferrer\" onclick=\"return true;\"><span class=\"uagb-inline-editing\">Coming soon<\/span><\/a><\/div><\/div><\/div>\n<\/div>\n<\/div>\n<\/div><\/div>\n\n\n\n<div class=\"wp-block-uagb-container uagb-block-b4735b3e alignfull uagb-is-root-container\"><div class=\"uagb-container-inner-blocks-wrap\"><\/div><\/div>\n\n\n\n<div class=\"wp-block-uagb-container uagb-block-db2d419d alignfull uagb-is-root-container\"><div class=\"uagb-container-inner-blocks-wrap\">\n<div class=\"wp-block-uagb-advanced-heading uagb-block-165a3982\"><\/div>\n\n\n\n<div class=\"wp-block-uagb-container uagb-layout-grid uagb-block-3e7a0fa1\">\n<div class=\"wp-block-uagb-advanced-heading uagb-block-0d1db6a6\"><\/div>\n<\/div>\n<\/div><\/div>","protected":false},"excerpt":{"rendered":"<p>Throughout our ministry journey, the GLC Institute has developed a variety of seminars and courses designed to empower, align, and strengthen Christian faith and relationships. Inspired by God\u2019s gracious work in our lives and guided by the Holy Spirit, we\u2019ve created a profound and transformative programme that has become a precise tool for the healing [&hellip;]<\/p>","protected":false},"author":1,"featured_media":0,"parent":0,"menu_order":0,"comment_status":"closed","ping_status":"closed","template":"","meta":{"_uag_custom_page_level_css":"","site-sidebar-layout":"no-sidebar","site-content-layout":"page-builder","ast-site-content-layout":"full-width-container","site-content-style":"unboxed","site-sidebar-style":"unboxed","ast-global-header-display":"","ast-banner-title-visibility":"","ast-main-header-display":"","ast-hfb-above-header-display":"","ast-hfb-below-header-display":"","ast-hfb-mobile-header-display":"","site-post-title":"disabled","ast-breadcrumbs-content":"","ast-featured-img":"disabled","footer-sml-layout":"","ast-disable-related-posts":"","theme-transparent-header-meta":"enabled","adv-header-id-meta":"","stick-header-meta":"","header-above-stick-meta":"","header-main-stick-meta":"","header-below-stick-meta":"","astra-migrate-meta-layouts":"set","ast-page-background-enabled":"default","ast-page-background-meta":{"desktop":{"background-color":"","background-image":"","background-repeat":"repeat","background-position":"center center","background-size":"auto","background-attachment":"scroll","background-type":"","background-media":"","overlay-type":"","overlay-color":"","overlay-opacity":"","overlay-gradient":""},"tablet":{"background-color":"","background-image":"","background-repeat":"repeat","background-position":"center center","background-size":"auto","background-attachment":"scroll","background-type":"","background-media":"","overlay-type":"","overlay-color":"","overlay-opacity":"","overlay-gradient":""},"mobile":{"background-color":"","background-image":"","background-repeat":"repeat","background-position":"center center","background-size":"auto","background-attachment":"scroll","background-type":"","background-media":"","overlay-type":"","overlay-color":"","overlay-opacity":"","overlay-gradient":""}},"ast-content-background-meta":{"desktop":{"background-color":"var(--ast-global-color-5)","background-image":"","background-repeat":"repeat","background-position":"center center","background-size":"auto","background-attachment":"scroll","background-type":"","background-media":"","overlay-type":"","overlay-color":"","overlay-opacity":"","overlay-gradient":""},"tablet":{"background-color":"var(--ast-global-color-5)","background-image":"","background-repeat":"repeat","background-position":"center center","background-size":"auto","background-attachment":"scroll","background-type":"","background-media":"","overlay-type":"","overlay-color":"","overlay-opacity":"","overlay-gradient":""},"mobile":{"background-color":"var(--ast-global-color-5)","background-image":"","background-repeat":"repeat","background-position":"center center","background-size":"auto","background-attachment":"scroll","background-type":"","background-media":"","overlay-type":"","overlay-color":"","overlay-opacity":"","overlay-gradient":""}},"footnotes":""},"class_list":["post-137","page","type-page","status-publish","hentry"],"aioseo_notices":[],"uagb_featured_image_src":{"full":false,"thumbnail":false,"medium":false,"medium_large":false,"large":false,"1536x1536":false,"2048x2048":false,"trp-custom-language-flag":false,"woocommerce_thumbnail":false,"woocommerce_single":false,"woocommerce_gallery_thumbnail":false},"uagb_author_info":{"display_name":"gracavida.ministerio@gmail.com","author_link":"https:\/\/glc.institute\/br\/author\/gracavida-ministeriogmail-com\/"},"uagb_comment_info":0,"uagb_excerpt":"Throughout our ministry journey, the GLC Institute has developed a variety of seminars and courses designed to empower, align, and strengthen Christian faith and relationships. Inspired by God\u2019s gracious work in our lives and guided by the Holy Spirit, we\u2019ve created a profound and transformative programme that has become a precise tool for the healing&hellip;","_links":{"self":[{"href":"https:\/\/glc.institute\/br\/wp-json\/wp\/v2\/pages\/137","targetHints":{"allow":["GET"]}}],"collection":[{"href":"https:\/\/glc.institute\/br\/wp-json\/wp\/v2\/pages"}],"about":[{"href":"https:\/\/glc.institute\/br\/wp-json\/wp\/v2\/types\/page"}],"author":[{"embeddable":true,"href":"https:\/\/glc.institute\/br\/wp-json\/wp\/v2\/users\/1"}],"replies":[{"embeddable":true,"href":"https:\/\/glc.institute\/br\/wp-json\/wp\/v2\/comments?post=137"}],"version-history":[{"count":35,"href":"https:\/\/glc.institute\/br\/wp-json\/wp\/v2\/pages\/137\/revisions"}],"predecessor-version":[{"id":1322,"href":"https:\/\/glc.institute\/br\/wp-json\/wp\/v2\/pages\/137\/revisions\/1322"}],"wp:attachment":[{"href":"https:\/\/glc.institute\/br\/wp-json\/wp\/v2\/media?parent=137"}],"curies":[{"name":"wp","href":"https:\/\/api.w.org\/{rel}","templated":true}]}}