{"id":139,"date":"2024-10-28T09:29:50","date_gmt":"2024-10-28T09:29:50","guid":{"rendered":"http:\/\/glc.institute\/about-us\/"},"modified":"2024-11-15T08:34:07","modified_gmt":"2024-11-15T08:34:07","slug":"about-us","status":"publish","type":"page","link":"https:\/\/glc.institute\/br\/about-us\/","title":{"rendered":"About"},"content":{"rendered":"<div class=\"wp-block-uagb-container uagb-block-27ef9fe0 alignfull uagb-is-root-container\"><div class=\"uagb-container-inner-blocks-wrap\">\n<div class=\"wp-block-uagb-info-box uagb-block-d444f0cc uagb-infobox__content-wrap  uagb-infobox-icon-above-title uagb-infobox-image-valign-top wp-block-uagb-info-box--has-margin\"><div class=\"uagb-infobox-margin-wrapper\"><div class=\"uagb-ifb-content\"><div class=\"uagb-ifb-separator\"><\/div><div class=\"uagb-ifb-title-wrap\"><h1 class=\"uagb-ifb-title\">Quem Somos<\/h1><\/div><\/div><\/div><\/div>\n\n\n\n<div class=\"wp-block-uagb-advanced-heading uagb-block-6aa1790f\"><h4 class=\"uagb-heading-text\">O Grace and Life Christian Institute (GLC Institute) nasceu com o prop\u00f3sito de promover a cura, restaura\u00e7\u00e3o e crescimento espiritual de casais e fam\u00edlias, alicer\u00e7ado na Palavra de Deus. Ao longo de mais de 24 anos, o GLC Institute tem sido uma ferramenta eficaz no Reino de Deus, trazendo transforma\u00e7\u00e3o por meio de ensinamentos e treinamentos b\u00edblicos que impactam vidas de maneira profunda e duradoura.<\/h4><\/div>\n<\/div><\/div>\n\n\n\n<div class=\"wp-block-uagb-container uag-blocks-common-selector uagb-block-25cf62e4 alignfull uagb-is-root-container\"><div class=\"uagb-container-inner-blocks-wrap\">\n<div class=\"wp-block-uagb-container uag-blocks-common-selector uagb-block-a71d85eb\">\n<div class=\"wp-block-uagb-image alignright uagb-block-cf9353db wp-block-uagb-image--layout-default wp-block-uagb-image--effect-static wp-block-uagb-image--align-right\"><figure class=\"wp-block-uagb-image__figure\"><img decoding=\"async\" srcset=\"https:\/\/glc.institute\/wp-content\/uploads\/2024\/11\/glcfund1-3.jpeg ,https:\/\/glc.institute\/wp-content\/uploads\/2024\/11\/glcfund1-3.jpeg 780w, https:\/\/glc.institute\/wp-content\/uploads\/2024\/11\/glcfund1-3.jpeg 360w\" sizes=\"auto, (max-width: 480px) 150px\" src=\"https:\/\/glc.institute\/wp-content\/uploads\/2024\/11\/glcfund1-3.jpeg\" alt=\"\" class=\"uag-image-1065\" width=\"600\" height=\"720\" title=\"glcfund1\" loading=\"lazy\" role=\"img\"\/><\/figure><\/div>\n<\/div>\n\n\n\n<div class=\"wp-block-uagb-container uagb-block-16f5afa9\">\n<div class=\"wp-block-uagb-info-box uagb-block-2b755cb0 uagb-infobox__content-wrap  uagb-infobox-icon-above-title uagb-infobox-image-valign-top wp-block-uagb-info-box--has-margin\"><div class=\"uagb-infobox-margin-wrapper\"><div class=\"uagb-ifb-content\"><div class=\"uagb-ifb-title-wrap\"><h2 class=\"uagb-ifb-title\">Nossos Fundadores<\/h2><\/div><p class=\"uagb-ifb-desc\">\u00c0 frente do GLC Institute est\u00e3o Leandro e Ana Paula Martinez, casados desde 29 de maio de 1993. Unidos no minist\u00e9rio, eles seguem o que a B\u00edblia ensina sobre \u201cUma S\u00f3 Carne\u201d e vivem sua miss\u00e3o movidos pelo vers\u00edculo de Prov\u00e9rbios 27:17, afiando um ao outro para cumprir um prop\u00f3sito maior. Com 31 anos de casamento, Leandro e Ana Paula s\u00e3o aben\u00e7oados com uma fam\u00edlia que inclui dois filhos, uma filha, duas noras, um genro e tr\u00eas netas, todos servindo ao Reino e respondendo ao chamado \u00fanico que Deus confiou a cada um.<br>Desde o in\u00edcio de sua caminhada, eles compartilham uma paix\u00e3o por ver casamentos transformados pela gra\u00e7a de Deus. Por meio do trabalho ministerial, Deus tem continuamente testificado e capacitado este casal para curar e restaurar vidas, casais e fam\u00edlias, segundo Sua Palavra em G\u00eanesis 2:24-25.<\/p><\/div><\/div><\/div>\n<\/div>\n<\/div><\/div>\n\n\n\n<div class=\"wp-block-uagb-container uagb-block-2009b3b8 alignfull uagb-is-root-container\"><div class=\"uagb-container-inner-blocks-wrap\"><\/div><\/div>\n\n\n\n<div class=\"wp-block-uagb-container uagb-block-db2d419d alignfull uagb-is-root-container\"><div class=\"uagb-container-inner-blocks-wrap\">\n<div class=\"wp-block-uagb-container uagb-layout-grid uagb-block-3e7a0fa1\">\n<div class=\"wp-block-uagb-advanced-heading uagb-block-165a3982\"><\/div>\n\n\n\n<div class=\"wp-block-uagb-advanced-heading uagb-block-0d1db6a6\"><\/div>\n<\/div>\n<\/div><\/div>","protected":false},"excerpt":{"rendered":"<p>The Grace and Life Christian Institute (GLC Institute) was founded with the purpose of promoting healing, restoration, and spiritual growth for couples and families, firmly grounded in the Word of God. For over 24 years, the GLC Institute has been a powerful tool in God\u2019s Kingdom, bringing lasting transformation through biblically based teachings and trainings [&hellip;]<\/p>","protected":false},"author":1,"featured_media":0,"parent":0,"menu_order":0,"comment_status":"closed","ping_status":"closed","template":"","meta":{"_uag_custom_page_level_css":"","site-sidebar-layout":"no-sidebar","site-content-layout":"page-builder","ast-site-content-layout":"full-width-container","site-content-style":"unboxed","site-sidebar-style":"unboxed","ast-global-header-display":"","ast-banner-title-visibility":"","ast-main-header-display":"","ast-hfb-above-header-display":"","ast-hfb-below-header-display":"","ast-hfb-mobile-header-display":"","site-post-title":"disabled","ast-breadcrumbs-content":"","ast-featured-img":"disabled","footer-sml-layout":"","ast-disable-related-posts":"","theme-transparent-header-meta":"enabled","adv-header-id-meta":"","stick-header-meta":"","header-above-stick-meta":"","header-main-stick-meta":"","header-below-stick-meta":"","astra-migrate-meta-layouts":"set","ast-page-background-enabled":"default","ast-page-background-meta":{"desktop":{"background-color":"","background-image":"","background-repeat":"repeat","background-position":"center center","background-size":"auto","background-attachment":"scroll","background-type":"","background-media":"","overlay-type":"","overlay-color":"","overlay-opacity":"","overlay-gradient":""},"tablet":{"background-color":"","background-image":"","background-repeat":"repeat","background-position":"center center","background-size":"auto","background-attachment":"scroll","background-type":"","background-media":"","overlay-type":"","overlay-color":"","overlay-opacity":"","overlay-gradient":""},"mobile":{"background-color":"","background-image":"","background-repeat":"repeat","background-position":"center center","background-size":"auto","background-attachment":"scroll","background-type":"","background-media":"","overlay-type":"","overlay-color":"","overlay-opacity":"","overlay-gradient":""}},"ast-content-background-meta":{"desktop":{"background-color":"var(--ast-global-color-5)","background-image":"","background-repeat":"repeat","background-position":"center center","background-size":"auto","background-attachment":"scroll","background-type":"","background-media":"","overlay-type":"","overlay-color":"","overlay-opacity":"","overlay-gradient":""},"tablet":{"background-color":"var(--ast-global-color-5)","background-image":"","background-repeat":"repeat","background-position":"center center","background-size":"auto","background-attachment":"scroll","background-type":"","background-media":"","overlay-type":"","overlay-color":"","overlay-opacity":"","overlay-gradient":""},"mobile":{"background-color":"var(--ast-global-color-5)","background-image":"","background-repeat":"repeat","background-position":"center center","background-size":"auto","background-attachment":"scroll","background-type":"","background-media":"","overlay-type":"","overlay-color":"","overlay-opacity":"","overlay-gradient":""}},"footnotes":""},"class_list":["post-139","page","type-page","status-publish","hentry"],"aioseo_notices":[],"uagb_featured_image_src":{"full":false,"thumbnail":false,"medium":false,"medium_large":false,"large":false,"1536x1536":false,"2048x2048":false,"trp-custom-language-flag":false,"woocommerce_thumbnail":false,"woocommerce_single":false,"woocommerce_gallery_thumbnail":false},"uagb_author_info":{"display_name":"gracavida.ministerio@gmail.com","author_link":"https:\/\/glc.institute\/br\/author\/gracavida-ministeriogmail-com\/"},"uagb_comment_info":0,"uagb_excerpt":"The Grace and Life Christian Institute (GLC Institute) was founded with the purpose of promoting healing, restoration, and spiritual growth for couples and families, firmly grounded in the Word of God. For over 24 years, the GLC Institute has been a powerful tool in God\u2019s Kingdom, bringing lasting transformation through biblically based teachings and trainings&hellip;","_links":{"self":[{"href":"https:\/\/glc.institute\/br\/wp-json\/wp\/v2\/pages\/139","targetHints":{"allow":["GET"]}}],"collection":[{"href":"https:\/\/glc.institute\/br\/wp-json\/wp\/v2\/pages"}],"about":[{"href":"https:\/\/glc.institute\/br\/wp-json\/wp\/v2\/types\/page"}],"author":[{"embeddable":true,"href":"https:\/\/glc.institute\/br\/wp-json\/wp\/v2\/users\/1"}],"replies":[{"embeddable":true,"href":"https:\/\/glc.institute\/br\/wp-json\/wp\/v2\/comments?post=139"}],"version-history":[{"count":9,"href":"https:\/\/glc.institute\/br\/wp-json\/wp\/v2\/pages\/139\/revisions"}],"predecessor-version":[{"id":1086,"href":"https:\/\/glc.institute\/br\/wp-json\/wp\/v2\/pages\/139\/revisions\/1086"}],"wp:attachment":[{"href":"https:\/\/glc.institute\/br\/wp-json\/wp\/v2\/media?parent=139"}],"curies":[{"name":"wp","href":"https:\/\/api.w.org\/{rel}","templated":true}]}}