{"id":916,"date":"2024-11-05T21:35:43","date_gmt":"2024-11-05T21:35:43","guid":{"rendered":"https:\/\/glc.institute\/?page_id=916"},"modified":"2025-06-10T21:53:39","modified_gmt":"2025-06-10T21:53:39","slug":"church","status":"publish","type":"page","link":"https:\/\/glc.institute\/br\/church\/","title":{"rendered":"Church"},"content":{"rendered":"<div class=\"wp-block-uagb-container uagb-block-27ef9fe0 alignfull uagb-is-root-container\"><div class=\"uagb-container-inner-blocks-wrap\">\n<div class=\"wp-block-uagb-info-box uagb-block-d444f0cc uagb-infobox__content-wrap  uagb-infobox-icon-above-title uagb-infobox-image-valign-top wp-block-uagb-info-box--has-margin\"><div class=\"uagb-infobox-margin-wrapper\"><div class=\"uagb-ifb-content\"><div class=\"uagb-ifb-separator\"><\/div><div class=\"uagb-ifb-title-wrap\"><h1 class=\"uagb-ifb-title\">Church<\/h1><\/div><\/div><\/div><\/div>\n\n\n\n<div class=\"wp-block-uagb-advanced-heading uagb-block-e06b61f3\"><h4 class=\"uagb-heading-text\">A GLC Church \u00e9 uma extens\u00e3o do GLC Institute, fundada com os mesmos valores e compromisso em compartilhar os ensinamentos de Jesus Cristo em todas as \u00e1reas da vida. \u00c9 um grupo vibrante e acolhedor, que se dedica a equipar, fortalecer e alinhar a vida de cada membro e fam\u00edlia \u00e0 luz da Palavra de Deus. A GLC Church promove um ambiente de cura, restaura\u00e7\u00e3o e crescimento espiritual, focada na transforma\u00e7\u00e3o aut\u00eantica e movida pelo Esp\u00edrito Santo. A igreja orienta seus membros a um relacionamento profundo com Deus e ao cumprimento de Seus prop\u00f3sitos. Com \u00eanfase no discipulado e na comunh\u00e3o, a GLC Church oferece um espa\u00e7o onde cada pessoa \u00e9 incentivada a descobrir e viver seu chamado, contribuindo para a Grande Comiss\u00e3o e refletindo a gl\u00f3ria de Cristo no mundo.<\/h4><\/div>\n<\/div><\/div>\n\n\n\n<div class=\"wp-block-uagb-container uagb-block-7479c618 alignfull uagb-is-root-container\"><div class=\"uagb-container-inner-blocks-wrap\">\n<div class=\"wp-block-uagb-info-box uagb-block-3bcdb157 uagb-infobox__content-wrap  uagb-infobox-icon-above-title uagb-infobox-image-valign-top\"><div class=\"uagb-ifb-content\"><div class=\"uagb-ifb-title-wrap\"><h2 class=\"uagb-ifb-title\"><strong>Declara\u00e7\u00e3o de F\u00e9<\/strong><\/h2><\/div><p class=\"uagb-ifb-desc\">Cremos em Deus Todo-Poderoso, criador de todas as coisas vis\u00edveis e invis\u00edveis; em Jesus Cristo, o Filho unig\u00eanito de Deus, o primog\u00eanito entre muitos irm\u00e3os, em sua morte sacrificial na cruz do Calv\u00e1rio, e em seu sangue derramado e Ressurrei\u00e7\u00e3o, como o \u00fanico caminho para a salva\u00e7\u00e3o da humanidade da morte eterna, para nos lavar dos pecados e nos purificar de toda injusti\u00e7a, justificando todo aquele que cr\u00ea em Jesus, diante do Pai. Colossenses 1:16-18 \/ Romanos 10:9-13<br><br>Cremos no poder do Esp\u00edrito Santo e em sua manifesta\u00e7\u00e3o poderosa. 1 Cor\u00edntios 12<br><br>Cremos no batismo nas \u00e1guas, como uma ordem de Deus para todo aquele que cr\u00ea, como um ato de testemunho p\u00fablico da obra interna realizada por meio de Jesus Cristo e do mover do Esp\u00edrito Santo. Marcos 16:15-16<br><br>Cremos no poder da comunh\u00e3o na Santa Ceia do Senhor, um memorial de esperan\u00e7a e instrumento pedag\u00f3gico e did\u00e1tico deixado pelo Senhor Jesus, uma express\u00e3o de comunh\u00e3o de Deus com a Igreja e da Igreja com Deus. Mateus 26:26-28<\/p><\/div><\/div>\n<\/div><\/div>\n\n\n\n<div class=\"wp-block-uagb-container uagb-block-b4735b3e alignfull uagb-is-root-container\"><div class=\"uagb-container-inner-blocks-wrap\"><\/div><\/div>\n\n\n\n<div class=\"wp-block-uagb-container uagb-block-db2d419d alignfull uagb-is-root-container\"><div class=\"uagb-container-inner-blocks-wrap\">\n<div class=\"wp-block-uagb-container uagb-layout-grid uagb-block-3e7a0fa1\">\n<div class=\"wp-block-uagb-advanced-heading uagb-block-165a3982\"><\/div>\n\n\n\n<div class=\"wp-block-uagb-advanced-heading uagb-block-0d1db6a6\"><\/div>\n<\/div>\n<\/div><\/div>","protected":false},"excerpt":{"rendered":"<p>The GLC Church is an extension of the GLC Institute, founded on the same values and commitment to sharing the teachings of Jesus Christ in every aspect of life. It is a vibrant and welcoming group dedicated to equipping, strengthening, and aligning each member&#8217;s life and family with God&#8217;s Word. The GLC Church fosters an [&hellip;]<\/p>","protected":false},"author":1,"featured_media":0,"parent":0,"menu_order":0,"comment_status":"closed","ping_status":"closed","template":"","meta":{"_uag_custom_page_level_css":"","site-sidebar-layout":"no-sidebar","site-content-layout":"page-builder","ast-site-content-layout":"full-width-container","site-content-style":"unboxed","site-sidebar-style":"unboxed","ast-global-header-display":"","ast-banner-title-visibility":"","ast-main-header-display":"","ast-hfb-above-header-display":"","ast-hfb-below-header-display":"","ast-hfb-mobile-header-display":"","site-post-title":"disabled","ast-breadcrumbs-content":"","ast-featured-img":"disabled","footer-sml-layout":"","ast-disable-related-posts":"","theme-transparent-header-meta":"enabled","adv-header-id-meta":"","stick-header-meta":"","header-above-stick-meta":"","header-main-stick-meta":"","header-below-stick-meta":"","astra-migrate-meta-layouts":"set","ast-page-background-enabled":"default","ast-page-background-meta":{"desktop":{"background-color":"","background-image":"","background-repeat":"repeat","background-position":"center center","background-size":"auto","background-attachment":"scroll","background-type":"","background-media":"","overlay-type":"","overlay-color":"","overlay-opacity":"","overlay-gradient":""},"tablet":{"background-color":"","background-image":"","background-repeat":"repeat","background-position":"center center","background-size":"auto","background-attachment":"scroll","background-type":"","background-media":"","overlay-type":"","overlay-color":"","overlay-opacity":"","overlay-gradient":""},"mobile":{"background-color":"","background-image":"","background-repeat":"repeat","background-position":"center center","background-size":"auto","background-attachment":"scroll","background-type":"","background-media":"","overlay-type":"","overlay-color":"","overlay-opacity":"","overlay-gradient":""}},"ast-content-background-meta":{"desktop":{"background-color":"var(--ast-global-color-5)","background-image":"","background-repeat":"repeat","background-position":"center center","background-size":"auto","background-attachment":"scroll","background-type":"","background-media":"","overlay-type":"","overlay-color":"","overlay-opacity":"","overlay-gradient":""},"tablet":{"background-color":"var(--ast-global-color-5)","background-image":"","background-repeat":"repeat","background-position":"center center","background-size":"auto","background-attachment":"scroll","background-type":"","background-media":"","overlay-type":"","overlay-color":"","overlay-opacity":"","overlay-gradient":""},"mobile":{"background-color":"var(--ast-global-color-5)","background-image":"","background-repeat":"repeat","background-position":"center center","background-size":"auto","background-attachment":"scroll","background-type":"","background-media":"","overlay-type":"","overlay-color":"","overlay-opacity":"","overlay-gradient":""}},"footnotes":""},"class_list":["post-916","page","type-page","status-publish","hentry"],"aioseo_notices":[],"uagb_featured_image_src":{"full":false,"thumbnail":false,"medium":false,"medium_large":false,"large":false,"1536x1536":false,"2048x2048":false,"trp-custom-language-flag":false,"woocommerce_thumbnail":false,"woocommerce_single":false,"woocommerce_gallery_thumbnail":false},"uagb_author_info":{"display_name":"gracavida.ministerio@gmail.com","author_link":"https:\/\/glc.institute\/br\/author\/gracavida-ministeriogmail-com\/"},"uagb_comment_info":0,"uagb_excerpt":"The GLC Church is an extension of the GLC Institute, founded on the same values and commitment to sharing the teachings of Jesus Christ in every aspect of life. It is a vibrant and welcoming group dedicated to equipping, strengthening, and aligning each member&#8217;s life and family with God&#8217;s Word. The GLC Church fosters an&hellip;","_links":{"self":[{"href":"https:\/\/glc.institute\/br\/wp-json\/wp\/v2\/pages\/916","targetHints":{"allow":["GET"]}}],"collection":[{"href":"https:\/\/glc.institute\/br\/wp-json\/wp\/v2\/pages"}],"about":[{"href":"https:\/\/glc.institute\/br\/wp-json\/wp\/v2\/types\/page"}],"author":[{"embeddable":true,"href":"https:\/\/glc.institute\/br\/wp-json\/wp\/v2\/users\/1"}],"replies":[{"embeddable":true,"href":"https:\/\/glc.institute\/br\/wp-json\/wp\/v2\/comments?post=916"}],"version-history":[{"count":9,"href":"https:\/\/glc.institute\/br\/wp-json\/wp\/v2\/pages\/916\/revisions"}],"predecessor-version":[{"id":1083,"href":"https:\/\/glc.institute\/br\/wp-json\/wp\/v2\/pages\/916\/revisions\/1083"}],"wp:attachment":[{"href":"https:\/\/glc.institute\/br\/wp-json\/wp\/v2\/media?parent=916"}],"curies":[{"name":"wp","href":"https:\/\/api.w.org\/{rel}","templated":true}]}}